{"id":134,"date":"2021-08-01T10:50:15","date_gmt":"2021-08-01T10:50:15","guid":{"rendered":"https:\/\/gabrielbensimhon.com\/?page_id=134"},"modified":"2021-08-01T10:50:15","modified_gmt":"2021-08-01T10:50:15","slug":"biographie","status":"publish","type":"page","link":"https:\/\/gabrielbensimhon.com\/?page_id=134&lang=fr","title":{"rendered":"Biographie"},"content":{"rendered":"\n<div class=\"wp-block-image is-style-default\"><figure class=\"alignright size-medium\"><img loading=\"lazy\" width=\"300\" height=\"300\" src=\"https:\/\/gabrielbensimhon.com\/wp-content\/uploads\/2021\/02\/android-chrome-512x512-1-300x300.png\" alt=\"\" class=\"wp-image-97\" srcset=\"https:\/\/gabrielbensimhon.com\/wp-content\/uploads\/2021\/02\/android-chrome-512x512-1-300x300.png 300w, https:\/\/gabrielbensimhon.com\/wp-content\/uploads\/2021\/02\/android-chrome-512x512-1-150x150.png 150w, https:\/\/gabrielbensimhon.com\/wp-content\/uploads\/2021\/02\/android-chrome-512x512-1.png 512w\" sizes=\"(max-width: 300px) 100vw, 300px\" \/><\/figure><\/div>\n\n\n\n<p><br>Gabriel Bensimhon est \u00e9crivain, dramaturge, po\u00e8te et cin\u00e9aste, professeur au d\u00e9partement<br>cin\u00e9ma et th\u00e9\u00e2tre de l&#8217;universit\u00e9 de Tel-Aviv.<\/p>\n\n\n\n<p><br>Il a publi\u00e9 des livres de po\u00e9sie, des pi\u00e8ces de th\u00e9\u00e2tre, des nouvelles et des sc\u00e9narios, r\u00e9alis\u00e9 des<br>films et sign\u00e9 des cr\u00e9ations th\u00e9\u00e2trales. Sa pi\u00e8ce\u00a0Un roi\u00a0marocain\u00a0a \u00e9t\u00e9 mont\u00e9e au th\u00e9\u00e2tre<br>national Habima \u00e0 Tel-Aviv et a re\u00e7u le prix Lieber de la dramaturgie juive classique. Son \u0153uvre<br>traite principalement de th\u00e8mes jud\u00e9o-marocains et isra\u00e9liens.<\/p>\n\n\n\n<h3 class=\"kt-adv-heading_bcf720-98 wp-block-kadence-advancedheading\" data-kb-block=\"kb-adv-heading_bcf720-98\">DU MEME AUTEUR<\/h3>\n\n\n\n<ul><li>UN ROI MAROCAIN<\/li><li>LE CHEMIN DE JERUSALEM<\/li><li>1948<\/li><li>MARCHANT SUR LES EAUX<\/li><li>YA LMASIA BLKMOUN YA RAZAA BZETAR , HISTOIRES D&#8217;AMOUR MAROCAINS<\/li><li>MARIAGE AU MUR DES LAMENTATIONS<\/li><li>ABSALOM ET BATH SHEBA<\/li><li>EN ATTENDANT GARY COOPER<\/li><li>LE DERNIER MAROCAIN<\/li><li>UNE FEMME AUX TROIS SEINS &#8211; LES FEMMES AU CINEMA DE FEDEICO FELLINI<\/li><\/ul>\n","protected":false},"excerpt":{"rendered":"<p>Gabriel Bensimhon est \u00e9crivain, dramaturge, po\u00e8te et cin\u00e9aste, professeur au d\u00e9partementcin\u00e9ma et th\u00e9\u00e2tre de l&#8217;universit\u00e9 de Tel-Aviv. Il a publi\u00e9 des livres de po\u00e9sie, des pi\u00e8ces de th\u00e9\u00e2tre, des nouvelles et des sc\u00e9narios, r\u00e9alis\u00e9 desfilms et sign\u00e9 des cr\u00e9ations th\u00e9\u00e2trales. Sa pi\u00e8ce\u00a0Un roi\u00a0marocain\u00a0a \u00e9t\u00e9 mont\u00e9e au th\u00e9\u00e2trenational Habima \u00e0 Tel-Aviv et a re\u00e7u le prix &hellip;<\/p>\n<p class=\"read-more\"> <a class=\"\" href=\"https:\/\/gabrielbensimhon.com\/?page_id=134&#038;lang=fr\"> <span class=\"screen-reader-text\">Biographie<\/span> Read More &raquo;<\/a><\/p>\n","protected":false},"author":1,"featured_media":0,"parent":0,"menu_order":0,"comment_status":"closed","ping_status":"closed","template":"","meta":{"kt_blocks_editor_width":""},"featured_image_urls":{"full":"","thumbnail":"","medium":"","medium_large":"","large":"","1536x1536":"","2048x2048":""},"post_excerpt_stackable":"<p>Gabriel Bensimhon est \u00e9crivain, dramaturge, po\u00e8te et cin\u00e9aste, professeur au d\u00e9partementcin\u00e9ma et th\u00e9\u00e2tre de l&#8217;universit\u00e9 de Tel-Aviv. Il a publi\u00e9 des livres de po\u00e9sie, des pi\u00e8ces de th\u00e9\u00e2tre, des nouvelles et des sc\u00e9narios, r\u00e9alis\u00e9 desfilms et sign\u00e9 des cr\u00e9ations th\u00e9\u00e2trales. Sa pi\u00e8ce\u00a0Un roi\u00a0marocain\u00a0a \u00e9t\u00e9 mont\u00e9e au th\u00e9\u00e2trenational Habima \u00e0 Tel-Aviv et a re\u00e7u le prix Lieber de la dramaturgie juive classique. Son \u0153uvretraite principalement de th\u00e8mes jud\u00e9o-marocains et isra\u00e9liens. DU MEME AUTEUR UN ROI MAROCAINLE CHEMIN DE JERUSALEM1948MARCHANT SUR LES EAUXYA LMASIA BLKMOUN YA RAZAA BZETAR , HISTOIRES D&#8217;AMOUR MAROCAINSMARIAGE AU MUR DES LAMENTATIONSABSALOM ET BATH SHEBAEN ATTENDANT GARY COOPERLE&hellip;<\/p>\n","category_list":"","author_info":{"name":"admin","url":"https:\/\/gabrielbensimhon.com\/?author=1"},"comments_num":"0 comments","_links":{"self":[{"href":"https:\/\/gabrielbensimhon.com\/index.php?rest_route=\/wp\/v2\/pages\/134"}],"collection":[{"href":"https:\/\/gabrielbensimhon.com\/index.php?rest_route=\/wp\/v2\/pages"}],"about":[{"href":"https:\/\/gabrielbensimhon.com\/index.php?rest_route=\/wp\/v2\/types\/page"}],"author":[{"embeddable":true,"href":"https:\/\/gabrielbensimhon.com\/index.php?rest_route=\/wp\/v2\/users\/1"}],"replies":[{"embeddable":true,"href":"https:\/\/gabrielbensimhon.com\/index.php?rest_route=%2Fwp%2Fv2%2Fcomments&post=134"}],"version-history":[{"count":1,"href":"https:\/\/gabrielbensimhon.com\/index.php?rest_route=\/wp\/v2\/pages\/134\/revisions"}],"predecessor-version":[{"id":135,"href":"https:\/\/gabrielbensimhon.com\/index.php?rest_route=\/wp\/v2\/pages\/134\/revisions\/135"}],"wp:attachment":[{"href":"https:\/\/gabrielbensimhon.com\/index.php?rest_route=%2Fwp%2Fv2%2Fmedia&parent=134"}],"curies":[{"name":"wp","href":"https:\/\/api.w.org\/{rel}","templated":true}]}}